{"id":7986,"date":"2025-04-04T15:54:07","date_gmt":"2025-04-04T15:54:07","guid":{"rendered":"https:\/\/cityworkbcn.com\/?page_id=7986"},"modified":"2026-01-15T11:49:19","modified_gmt":"2026-01-15T11:49:19","slug":"contacte","status":"publish","type":"page","link":"https:\/\/cityworkbcn.com\/ca\/contacte\/","title":{"rendered":"T&#8217;agradaria con\u00e8ixer-nos?"},"content":{"rendered":"\t\t<div data-elementor-type=\"wp-page\" data-elementor-id=\"7986\" class=\"elementor elementor-7986\">\n\t\t\t\t\t\t<section class=\"elementor-section elementor-top-section elementor-element elementor-element-6a614ee qodef-elementor-content-grid elementor-section-boxed elementor-section-height-default elementor-section-height-default\" data-id=\"6a614ee\" data-element_type=\"section\" data-e-type=\"section\" id=\"reservar-oficina\">\n\t\t\t\t\t\t<div class=\"elementor-container elementor-column-gap-default\">\n\t\t\t\t\t<div class=\"elementor-column elementor-col-50 elementor-top-column elementor-element elementor-element-9e9129f\" data-id=\"9e9129f\" data-element_type=\"column\" data-e-type=\"column\">\n\t\t\t<div class=\"elementor-widget-wrap elementor-element-populated\">\n\t\t\t\t\t\t<div class=\"elementor-element elementor-element-6ec9625 elementor-widget__width-initial elementor-widget elementor-widget-multioffice_core_section_title\" data-id=\"6ec9625\" data-element_type=\"widget\" data-e-type=\"widget\" data-widget_type=\"multioffice_core_section_title.default\">\n\t\t\t\t<div class=\"elementor-widget-container\">\n\t\t\t\t\t<div class=\"qodef-shortcode qodef-m  qodef-section-title qodef-alignment--left \">\n\t\t<p class=\"qodef-m-subtitle\" style=\"margin-bottom: 15px\">Posa\u2019t en contacte<\/p>\n\t\t<h3 class=\"qodef-m-title\" >\n\t\t\t\t\tSom aqu\u00ed per a ajudar-te!\t\t\t<\/h3>\n\t\t<p class=\"qodef-m-text\" style=\"margin-top: 23px\">Si tens preguntes o necessites m\u00e9s informaci\u00f3, no dubtis a trucar-nos, enviar-nos un correu o xatejar per WhatsApp. Tamb\u00e9 et convidem a visitar-nos, ser\u00e0 un plaer atendre&#039;t!<\/p>\n<\/div>\t\t\t\t<\/div>\n\t\t\t\t<\/div>\n\t\t\t\t<div class=\"elementor-element elementor-element-1ce0dec elementor-widget-tablet__width-initial elementor-widget elementor-widget-text-editor\" data-id=\"1ce0dec\" data-element_type=\"widget\" data-e-type=\"widget\" data-widget_type=\"text-editor.default\">\n\t\t\t\t<div class=\"elementor-widget-container\">\n\t\t\t\t\t\t\t\t\t<a style=\"color: #777777;\" href=\"mailto:hola@cityworkbcn.com\">hola@cityworkbcn.com<\/a>\t\t\t\t\t\t\t\t<\/div>\n\t\t\t\t<\/div>\n\t\t\t\t<div class=\"elementor-element elementor-element-7ca70d3 elementor-widget__width-initial elementor-widget elementor-widget-text-editor\" data-id=\"7ca70d3\" data-element_type=\"widget\" data-e-type=\"widget\" data-widget_type=\"text-editor.default\">\n\t\t\t\t<div class=\"elementor-widget-container\">\n\t\t\t\t\t\t\t\t\t<a style=\"color: #777777;\" href=\"tel:0034626135962\">+34 626 13 59 62<\/a>\t\t\t\t\t\t\t\t<\/div>\n\t\t\t\t<\/div>\n\t\t\t\t<div class=\"elementor-element elementor-element-5b4f0a5 elementor-widget__width-initial elementor-widget elementor-widget-text-editor\" data-id=\"5b4f0a5\" data-element_type=\"widget\" data-e-type=\"widget\" data-widget_type=\"text-editor.default\">\n\t\t\t\t<div class=\"elementor-widget-container\">\n\t\t\t\t\t\t\t\t\t<a style=\"color: #777777;\" href=\"https:\/\/wa.me\/0034626135962\" target=\"_blank\">Whatsapp<\/a>\t\t\t\t\t\t\t\t<\/div>\n\t\t\t\t<\/div>\n\t\t\t\t\t<\/div>\n\t\t<\/div>\n\t\t\t\t<div class=\"elementor-column elementor-col-50 elementor-top-column elementor-element elementor-element-d9c7945\" data-id=\"d9c7945\" data-element_type=\"column\" data-e-type=\"column\">\n\t\t\t<div class=\"elementor-widget-wrap elementor-element-populated\">\n\t\t\t\t\t\t<div class=\"elementor-element elementor-element-527051c elementor-widget elementor-widget-wp-widget-multioffice_core_contact_form_7\" data-id=\"527051c\" data-element_type=\"widget\" data-e-type=\"widget\" data-widget_type=\"wp-widget-multioffice_core_contact_form_7.default\">\n\t\t\t\t<div class=\"elementor-widget-container\">\n\t\t\t\t\t\t\t\t<div class=\"qodef-contact-form-7\">\n\t\t\t\t\n<div class=\"wpcf7 no-js\" id=\"wpcf7-f8431-o1\" lang=\"ca\" dir=\"ltr\" data-wpcf7-id=\"8431\">\n<div class=\"screen-reader-response\"><p role=\"status\" aria-live=\"polite\" aria-atomic=\"true\"><\/p> <ul><\/ul><\/div>\n<form action=\"\/ca\/wp-json\/wp\/v2\/pages\/7986#wpcf7-f8431-o1\" method=\"post\" class=\"wpcf7-form init\" aria-label=\"Contact form\" novalidate=\"novalidate\" data-status=\"init\">\n<fieldset class=\"hidden-fields-container\"><input type=\"hidden\" name=\"_wpcf7\" value=\"8431\" \/><input type=\"hidden\" name=\"_wpcf7_version\" value=\"6.1.5\" \/><input type=\"hidden\" name=\"_wpcf7_locale\" value=\"ca\" \/><input type=\"hidden\" name=\"_wpcf7_unit_tag\" value=\"wpcf7-f8431-o1\" \/><input type=\"hidden\" name=\"_wpcf7_container_post\" value=\"0\" \/><input type=\"hidden\" name=\"_wpcf7_posted_data_hash\" value=\"\" \/><input type=\"hidden\" name=\"_wpcf7_recaptcha_response\" value=\"\" \/>\n<\/fieldset>\n<div class=\"qodef-grid qodef-layout--template\">\n<div class=\"qodef-grid-inner\">\n<div class=\"qodef-grid-item\">\n<span class=\"wpcf7-form-control-wrap\" data-name=\"your-name\"><input size=\"40\" maxlength=\"400\" class=\"wpcf7-form-control wpcf7-text wpcf7-validates-as-required\" aria-required=\"true\" aria-invalid=\"false\" placeholder=\"Nom *\" value=\"\" type=\"text\" name=\"your-name\" \/><\/span>\n<\/div>\n<div class=\"qodef-grid-item\">\n<span class=\"wpcf7-form-control-wrap\" data-name=\"your-lastname\"><input size=\"40\" maxlength=\"400\" class=\"wpcf7-form-control wpcf7-text wpcf7-validates-as-required\" aria-required=\"true\" aria-invalid=\"false\" placeholder=\"Cognoms *\" value=\"\" type=\"text\" name=\"your-lastname\" \/><\/span>\n<\/div>\n<div class=\"qodef-grid-item\">\n<span class=\"wpcf7-form-control-wrap\" data-name=\"your-email\"><input size=\"40\" maxlength=\"400\" class=\"wpcf7-form-control wpcf7-email wpcf7-validates-as-required wpcf7-text wpcf7-validates-as-email\" aria-required=\"true\" aria-invalid=\"false\" placeholder=\"Email *\" value=\"\" type=\"email\" name=\"your-email\" \/><\/span>\n<\/div>\n<div class=\"qodef-grid-item\">\n<span class=\"wpcf7-form-control-wrap\" data-name=\"your-phone\"><input size=\"40\" maxlength=\"400\" class=\"wpcf7-form-control wpcf7-tel wpcf7-validates-as-required wpcf7-text wpcf7-validates-as-tel\" aria-required=\"true\" aria-invalid=\"false\" placeholder=\"Tel\u00e8fon *\" value=\"\" type=\"tel\" name=\"your-phone\" \/><\/span>\n<\/div>\n<div class=\"qodef-grid-item qodef-grid-item-full\">\n<span class=\"wpcf7-form-control-wrap\" data-name=\"your-company\"><input size=\"40\" maxlength=\"400\" class=\"wpcf7-form-control wpcf7-text\" aria-invalid=\"false\" placeholder=\"Empresa\" value=\"\" type=\"text\" name=\"your-company\" \/><\/span>\n<\/div>\n<div class=\"qodef-grid-item\">\n<span class=\"wpcf7-form-control-wrap your-service\"><select class=\"wpcf7-form-control wpcf7-selct_multiselct wpcf7-validates-as-required wpcf7-selct-multiselct\" aria-required=\"true\" aria-invalid=\"false\" data-placeholder=\"--Modalitat*\" data-allow-clear=\"true\" data-width=\"100%\" name=\"your-service\"><option value=\"Full Time (espai Cowork)\">Full Time (espai Cowork)<\/option><option value=\"Oficina Privada\">Oficina Privada<\/option><option value=\"Salas de reunions\">Salas de reunions<\/option><option value=\"Oficina Virtual\">Oficina Virtual<\/option><option value=\"Uns altres\">Uns altres<\/option><option value=\"Concertar visita\">Concertar visita<\/option><\/select><\/span>\n<\/div>\n<div class=\"qodef-grid-item\">\n<span class=\"wpcf7-form-control-wrap your-location\"><select class=\"wpcf7-form-control wpcf7-selct_multiselct wpcf7-validates-as-required wpcf7-selct-multiselct\" aria-required=\"true\" aria-invalid=\"false\" data-placeholder=\"--Espai*\" data-allow-clear=\"true\" data-width=\"100%\" multiple=\"multiple\" name=\"your-location[]\"><option value=\"Travessera De Gracia\">Travessera De Gracia<\/option><option value=\"Tuset\">Tuset<\/option><\/select><\/span>\n<\/div>\n<div class=\"qodef-grid-item qodef-grid-item-full\">\n<span class=\"wpcf7-form-control-wrap\" data-name=\"your-message\"><textarea cols=\"40\" rows=\"10\" maxlength=\"2000\" class=\"wpcf7-form-control wpcf7-textarea\" aria-invalid=\"false\" placeholder=\"Missatge\" name=\"your-message\"><\/textarea><\/span>\n<\/div>\n<div class=\"qodef-grid-item qodef-grid-item-full\" style=\"text-align: left;\">\n<button class=\"wpcf7-form-control wpcf7-submit qodef-button qodef-size--normal qodef-type--filled qodef-m\" type=\"submit\"><span class=\"qodef-m-text\">Enviar ara<\/span><\/button>\n<\/div>\n<\/div>\n<\/div><div class=\"wpcf7-response-output\" aria-hidden=\"true\"><\/div>\n<\/form>\n<\/div>\n\t\t\t<\/div>\n\t\t\t\t\t\t\t<\/div>\n\t\t\t\t<\/div>\n\t\t\t\t\t<\/div>\n\t\t<\/div>\n\t\t\t\t\t<\/div>\n\t\t<\/section>\n\t\t\t\t<section class=\"elementor-section elementor-top-section elementor-element elementor-element-c1e3ba9 elementor-section-full_width elementor-section-height-default elementor-section-height-default qodef-elementor-content-no\" data-id=\"c1e3ba9\" data-element_type=\"section\" data-e-type=\"section\" data-settings=\"{&quot;background_background&quot;:&quot;classic&quot;}\">\n\t\t\t\t\t\t<div class=\"elementor-container elementor-column-gap-default\">\n\t\t\t\t\t<div class=\"elementor-column elementor-col-50 elementor-top-column elementor-element elementor-element-17f910e\" data-id=\"17f910e\" data-element_type=\"column\" data-e-type=\"column\" data-settings=\"{&quot;background_background&quot;:&quot;classic&quot;}\">\n\t\t\t<div class=\"elementor-widget-wrap elementor-element-populated\">\n\t\t\t\t\t\t<div class=\"elementor-element elementor-element-46ac114 elementor-widget__width-initial elementor-widget elementor-widget-text-editor\" data-id=\"46ac114\" data-element_type=\"widget\" data-e-type=\"widget\" data-widget_type=\"text-editor.default\">\n\t\t\t\t<div class=\"elementor-widget-container\">\n\t\t\t\t\t\t\t\t\t<h3><a style=\"text-align: center; color: white;\" href=\"https:\/\/maps.app.goo.gl\/9niKiKtaYpxLcyph7\" target=\"_blank\" rel=\"noopener\">Travessera de Gr\u00e0cia n\u00ba 73, 3\u00ba 2\u00aa<br \/>08006, Barcelona<\/a><\/h3>\t\t\t\t\t\t\t\t<\/div>\n\t\t\t\t<\/div>\n\t\t\t\t<div class=\"elementor-element elementor-element-0a68654 elementor-widget-mobile__width-initial elementor-widget elementor-widget-text-editor\" data-id=\"0a68654\" data-element_type=\"widget\" data-e-type=\"widget\" data-widget_type=\"text-editor.default\">\n\t\t\t\t<div class=\"elementor-widget-container\">\n\t\t\t\t\t\t\t\t\t<h3><a style=\"text-align: center; color: white;\" href=\"mailto:hola@cityworkbcn.com\">hola@cityworkbcn.com<\/a><\/h3>\t\t\t\t\t\t\t\t<\/div>\n\t\t\t\t<\/div>\n\t\t\t\t<div class=\"elementor-element elementor-element-1aec12f elementor-widget__width-initial elementor-widget elementor-widget-text-editor\" data-id=\"1aec12f\" data-element_type=\"widget\" data-e-type=\"widget\" data-widget_type=\"text-editor.default\">\n\t\t\t\t<div class=\"elementor-widget-container\">\n\t\t\t\t\t\t\t\t\t<h3 style=\"margin-top: -19px;\"><a style=\"text-align: center; color: white;\" href=\"tel:0034626135962\">+34 626 13 59 62<\/a><\/h3>\t\t\t\t\t\t\t\t<\/div>\n\t\t\t\t<\/div>\n\t\t\t\t\t<\/div>\n\t\t<\/div>\n\t\t\t\t<div class=\"elementor-column elementor-col-50 elementor-top-column elementor-element elementor-element-c8015e3\" data-id=\"c8015e3\" data-element_type=\"column\" data-e-type=\"column\">\n\t\t\t<div class=\"elementor-widget-wrap elementor-element-populated\">\n\t\t\t\t\t\t<div class=\"elementor-element elementor-element-ab6aa96 elementor-widget elementor-widget-google_maps\" data-id=\"ab6aa96\" data-element_type=\"widget\" data-e-type=\"widget\" data-widget_type=\"google_maps.default\">\n\t\t\t\t<div class=\"elementor-widget-container\">\n\t\t\t\t\t\t\t<div class=\"elementor-custom-embed\">\n\t\t\t<iframe loading=\"lazy\"\n\t\t\t\t\tsrc=\"https:\/\/maps.google.com\/maps?q=Travessera%20De%20Gracia%2073%2C%203%C2%BA%202%C2%AA%2C%2008006%2C%20Barcelona&#038;t=m&#038;z=15&#038;output=embed&#038;iwloc=near\"\n\t\t\t\t\ttitle=\"Travessera De Gracia 73, 3\u00ba 2\u00aa, 08006, Barcelona\"\n\t\t\t\t\taria-label=\"Travessera De Gracia 73, 3\u00ba 2\u00aa, 08006, Barcelona\"\n\t\t\t><\/iframe>\n\t\t<\/div>\n\t\t\t\t\t\t<\/div>\n\t\t\t\t<\/div>\n\t\t\t\t\t<\/div>\n\t\t<\/div>\n\t\t\t\t\t<\/div>\n\t\t<\/section>\n\t\t\t\t<section class=\"elementor-section elementor-top-section elementor-element elementor-element-4e67a10 elementor-section-full_width elementor-reverse-tablet elementor-reverse-mobile elementor-section-height-default elementor-section-height-default qodef-elementor-content-no\" data-id=\"4e67a10\" data-element_type=\"section\" data-e-type=\"section\" data-settings=\"{&quot;background_background&quot;:&quot;classic&quot;}\">\n\t\t\t\t\t\t<div class=\"elementor-container elementor-column-gap-default\">\n\t\t\t\t\t<div class=\"elementor-column elementor-col-50 elementor-top-column elementor-element elementor-element-00fd9d3\" data-id=\"00fd9d3\" data-element_type=\"column\" data-e-type=\"column\">\n\t\t\t<div class=\"elementor-widget-wrap elementor-element-populated\">\n\t\t\t\t\t\t<div class=\"elementor-element elementor-element-7aa2135 elementor-widget elementor-widget-google_maps\" data-id=\"7aa2135\" data-element_type=\"widget\" data-e-type=\"widget\" data-widget_type=\"google_maps.default\">\n\t\t\t\t<div class=\"elementor-widget-container\">\n\t\t\t\t\t\t\t<div class=\"elementor-custom-embed\">\n\t\t\t<iframe loading=\"lazy\"\n\t\t\t\t\tsrc=\"https:\/\/maps.google.com\/maps?q=Tuset%2019%2C%2008006%2C%20Barcelona&#038;t=m&#038;z=15&#038;output=embed&#038;iwloc=near\"\n\t\t\t\t\ttitle=\"Tuset 19, 08006, Barcelona\"\n\t\t\t\t\taria-label=\"Tuset 19, 08006, Barcelona\"\n\t\t\t><\/iframe>\n\t\t<\/div>\n\t\t\t\t\t\t<\/div>\n\t\t\t\t<\/div>\n\t\t\t\t\t<\/div>\n\t\t<\/div>\n\t\t\t\t<div class=\"elementor-column elementor-col-50 elementor-top-column elementor-element elementor-element-c25c657\" data-id=\"c25c657\" data-element_type=\"column\" data-e-type=\"column\" data-settings=\"{&quot;background_background&quot;:&quot;classic&quot;}\">\n\t\t\t<div class=\"elementor-widget-wrap elementor-element-populated\">\n\t\t\t\t\t\t<div class=\"elementor-element elementor-element-dc4706c elementor-widget elementor-widget-text-editor\" data-id=\"dc4706c\" data-element_type=\"widget\" data-e-type=\"widget\" data-widget_type=\"text-editor.default\">\n\t\t\t\t<div class=\"elementor-widget-container\">\n\t\t\t\t\t\t\t\t\tNUEVO COWORKING\t\t\t\t\t\t\t\t<\/div>\n\t\t\t\t<\/div>\n\t\t\t\t<div class=\"elementor-element elementor-element-2f205f4 elementor-widget__width-initial elementor-widget elementor-widget-text-editor\" data-id=\"2f205f4\" data-element_type=\"widget\" data-e-type=\"widget\" data-widget_type=\"text-editor.default\">\n\t\t\t\t<div class=\"elementor-widget-container\">\n\t\t\t\t\t\t\t\t\t<h3><a style=\"text-align: center; color: white;\" href=\"https:\/\/maps.app.goo.gl\/ZH6QLu9MDfpeFDgU7\" target=\"_blank\" rel=\"noopener\">Carrer Tuset n\u00ba 19<br> 08006, Barcelona<\/a><\/h3>\t\t\t\t\t\t\t\t<\/div>\n\t\t\t\t<\/div>\n\t\t\t\t<div class=\"elementor-element elementor-element-d3dd48e elementor-widget-mobile__width-initial elementor-widget elementor-widget-text-editor\" data-id=\"d3dd48e\" data-element_type=\"widget\" data-e-type=\"widget\" data-widget_type=\"text-editor.default\">\n\t\t\t\t<div class=\"elementor-widget-container\">\n\t\t\t\t\t\t\t\t\t<h3><a style=\"text-align: center; color: white;\" href=\"mailto:hola@cityworkbcn.com\">hola@cityworkbcn.com<\/a><\/h3>\t\t\t\t\t\t\t\t<\/div>\n\t\t\t\t<\/div>\n\t\t\t\t<div class=\"elementor-element elementor-element-4a4d9c2 elementor-widget__width-initial elementor-widget elementor-widget-text-editor\" data-id=\"4a4d9c2\" data-element_type=\"widget\" data-e-type=\"widget\" data-widget_type=\"text-editor.default\">\n\t\t\t\t<div class=\"elementor-widget-container\">\n\t\t\t\t\t\t\t\t\t<h3 style=\"margin-top: -19px;\"><a style=\"text-align: center; color: white;\" href=\"tel:0034626135962\">+34 626 13 59 62<\/a><\/h3>\t\t\t\t\t\t\t\t<\/div>\n\t\t\t\t<\/div>\n\t\t\t\t\t<\/div>\n\t\t<\/div>\n\t\t\t\t\t<\/div>\n\t\t<\/section>\n\t\t\t\t<section class=\"elementor-section elementor-top-section elementor-element elementor-element-f1ded88 qodef-elementor-content-grid elementor-section-boxed elementor-section-height-default elementor-section-height-default\" data-id=\"f1ded88\" data-element_type=\"section\" data-e-type=\"section\">\n\t\t\t\t\t\t<div class=\"elementor-container elementor-column-gap-default\">\n\t\t\t\t\t<div class=\"elementor-column elementor-col-100 elementor-top-column elementor-element elementor-element-e430450\" data-id=\"e430450\" data-element_type=\"column\" data-e-type=\"column\">\n\t\t\t<div class=\"elementor-widget-wrap elementor-element-populated\">\n\t\t\t\t\t\t<div class=\"elementor-element elementor-element-2a5cc87 elementor-widget__width-initial elementor-widget elementor-widget-multioffice_core_section_title\" data-id=\"2a5cc87\" data-element_type=\"widget\" data-e-type=\"widget\" data-widget_type=\"multioffice_core_section_title.default\">\n\t\t\t\t<div class=\"elementor-widget-container\">\n\t\t\t\t\t<div class=\"qodef-shortcode qodef-m  qodef-section-title qodef-alignment--center \">\n\t\t<p class=\"qodef-m-subtitle\" style=\"margin-bottom: 15px\">S\u00edguenos<\/p>\n\t\t<h1 class=\"qodef-m-title\" >\n\t\t\t\t\t<a itemprop=\"url\" href=\"https:\/\/www.instagram.com\/cityworkbcn\" target=\"\">\n\t\t\t\t\t@cityworkbcn\t\t\t\t\t<\/a>\n\t\t\t<\/h1>\n\t<\/div>\t\t\t\t<\/div>\n\t\t\t\t<\/div>\n\t\t\t\t\t<\/div>\n\t\t<\/div>\n\t\t\t\t\t<\/div>\n\t\t<\/section>\n\t\t<div class=\"elementor-element elementor-element-6462fae e-con-full e-flex e-con e-parent\" data-id=\"6462fae\" data-element_type=\"container\" data-e-type=\"container\">\n\t\t\t\t<div class=\"elementor-element elementor-element-6ca92fa elementor-widget elementor-widget-html\" data-id=\"6ca92fa\" data-element_type=\"widget\" data-e-type=\"widget\" data-widget_type=\"html.default\">\n\t\t\t\t<div class=\"elementor-widget-container\">\n\t\t\t\t\t<!-- Elfsight Instagram Feed | Untitled Instagram Feed -->\n<script src=\"https:\/\/static.elfsight.com\/platform\/platform.js\" async><\/script>\n<div class=\"elfsight-app-c82846d5-6ff8-4f1e-bfd6-01cf0bf505f3\" data-elfsight-app-lazy><\/div>\n<div class=\"instagram-feed-hack\"><\/div>\t\t\t\t<\/div>\n\t\t\t\t<\/div>\n\t\t\t\t<\/div>\n\t\t\t\t<\/div>\n\t\t","protected":false},"excerpt":{"rendered":"<p>Posa\u2019t en contacte Som aqu\u00ed per a ajudar-te! Si tens preguntes o necessites m\u00e9s informaci\u00f3, no dubtis a trucar-nos, enviar-nos un correu o xatejar per WhatsApp. Tamb\u00e9 et convidem a visitar-nos, ser\u00e0 un plaer atendre&#039;t! hola@cityworkbcn.com+34 626 13 59 62Whatsapp Travessera de Gr\u00e0cia n\u00ba 73, 3\u00ba 2\u00aa08006, Barcelona hola@cityworkbcn.com +34 626 13 59 62 NUEVO [&hellip;]<\/p>\n","protected":false},"author":1,"featured_media":0,"parent":0,"menu_order":0,"comment_status":"closed","ping_status":"closed","template":"page-full-width.php","meta":{"footnotes":""},"class_list":["post-7986","page","type-page","status-publish","hentry"],"_links":{"self":[{"href":"https:\/\/cityworkbcn.com\/ca\/wp-json\/wp\/v2\/pages\/7986","targetHints":{"allow":["GET"]}}],"collection":[{"href":"https:\/\/cityworkbcn.com\/ca\/wp-json\/wp\/v2\/pages"}],"about":[{"href":"https:\/\/cityworkbcn.com\/ca\/wp-json\/wp\/v2\/types\/page"}],"author":[{"embeddable":true,"href":"https:\/\/cityworkbcn.com\/ca\/wp-json\/wp\/v2\/users\/1"}],"replies":[{"embeddable":true,"href":"https:\/\/cityworkbcn.com\/ca\/wp-json\/wp\/v2\/comments?post=7986"}],"version-history":[{"count":29,"href":"https:\/\/cityworkbcn.com\/ca\/wp-json\/wp\/v2\/pages\/7986\/revisions"}],"predecessor-version":[{"id":9196,"href":"https:\/\/cityworkbcn.com\/ca\/wp-json\/wp\/v2\/pages\/7986\/revisions\/9196"}],"wp:attachment":[{"href":"https:\/\/cityworkbcn.com\/ca\/wp-json\/wp\/v2\/media?parent=7986"}],"curies":[{"name":"wp","href":"https:\/\/api.w.org\/{rel}","templated":true}]}}