{"id":7991,"date":"2025-04-04T16:49:52","date_gmt":"2025-04-04T16:49:52","guid":{"rendered":"https:\/\/cityworkbcn.com\/?page_id=7991"},"modified":"2025-04-11T17:33:48","modified_gmt":"2025-04-11T17:33:48","slug":"avis-legal","status":"publish","type":"page","link":"https:\/\/cityworkbcn.com\/ca\/avis-legal\/","title":{"rendered":"Av\u00eds Legal"},"content":{"rendered":"\n<h4 class=\"wp-block-heading\">Titular de la web i dades de contacte<\/h4>\n\n\n\n<p>cityworkbcn.com \u00e9s un domini a Internet titularitat de BCN COWOLABS, S.L i domicili a Travessera de Gr\u00e0cia 73, 3r 2a, 08006, Barcelona.<\/p>\n\n\n\n<p>BCN COWOLABS, S.L el formen un conjunt d&#8217;empreses que tenen com a objecte social principal oferir serveis de coworking a emprenedors. La web t\u00e9 la finalitat principal de mostrar aquests serveis i eina de contacte entre clients i usuaris potencials.<br><\/p>\n\n\n\n<p>BCN COWOLABS, S.L el formen les societats: BCN COWOLABS, S.L<br><\/p>\n\n\n\n<p>Podeu posar-vos en contacte amb nosaltres:<\/p>\n\n\n\n<ul class=\"wp-block-list\">\n<li>Per tel\u00e8fon, al n\u00famero <a href=\"tel:34626135962\">+34 626 13 59 62<\/a><\/li>\n\n\n\n<li>Per correu electr\u00f2nic, escrivint a <a href=\"mailto:hola@cityworkbcn.com\">hola@cityworkbcn.com<\/a>.<\/li>\n\n\n\n<li>Per escrit, dirigint-se a BCN COWOLABS, S.L a Travessera De Gr\u00e0cia 73, 3r 2a, 08006, Barcelona.<\/li>\n<\/ul>\n\n\n\n<h4 class=\"wp-block-heading\">Condicions d&#8217;\u00fas de la web<\/h4>\n\n\n\n<p>Aquestes condicions d&#8217;\u00fas regulen l&#8217;acc\u00e9s a aquesta web per part dels clients de BCN COWOLABS, S.L i altres usuaris d&#8217;Internet. Pel sol \u00fas d&#8217;aquesta web, l&#8217;usuari manifesta la seva acceptaci\u00f3 sense reserves de les condicions d&#8217;\u00fas presents.<br><\/p>\n\n\n\n<p>BCN COWOLABS, S.L es reserva el dret unilateral de modificar les presents condicions d&#8217;acc\u00e9s a la web, aix\u00ed com els continguts inclosos.<\/p>\n\n\n\n<h4 class=\"wp-block-heading\">Limitaci\u00f3 i exclusi\u00f3 de responsabilitat<\/h4>\n\n\n\n<p>El contingut d&#8217;aquest web \u00e9s de car\u00e0cter general i t\u00e9 finalitat i efectes exclusivament informatius. BCN COWOLABS, S.L rebutja la responsabilitat sobre qualsevol informaci\u00f3 no elaborada per ella o publicada en nom seu de forma no autoritzada per ella, igual que la responsabilitat que es derivi de la mala utilitzaci\u00f3 per tercers dels continguts.<\/p>\n\n\n\n<p>L&#8217;usuari exonera BCN COWOLABS, S.L. de qualsevol responsabilitat que pogu\u00e9s derivar-se de les interrupcions de disponibilitat de la p\u00e0gina web, ja sigui per mal funcionament del servidor web o d&#8217;aplicacions, de les infraestructures de comunicacions, o del programari i maquinari utilitzats per a la navegaci\u00f3.<\/p>\n\n\n\n<p>En el cas d&#8217;incloure enlla\u00e7os a altres p\u00e0gines web, BCN COWOLABS, S.L declina qualsevol responsabilitat relacionada amb l&#8217;acc\u00e9s i la utilitzaci\u00f3 d&#8217;aquests enlla\u00e7os.<\/p>\n\n\n\n<h4 class=\"wp-block-heading\">Propietat intel\u00b7lectual i industrial<\/h4>\n\n\n\n<p>La totalitat d&#8217;aquesta web est\u00e0 protegida per les lleis sobre propietat intel\u00b7lectual i industrial. Llevat que s&#8217;indiqui el contrari, els drets de propietat intel\u00b7lectual sobre aquests continguts corresponen exclusivament a BCN COWOLABS, S.L. L&#8217;usuari reconeix que l&#8217;\u00fas dels continguts queda estrictament limitat a finalitats personals del mateix usuari i que la reproducci\u00f3, la distribuci\u00f3, la comunicaci\u00f3 o la transformaci\u00f3 no expressament autoritzada d&#8217;aquestes obres constitueix una infracci\u00f3 dels drets de propietat intel\u00b7lectual.<br><\/p>\n\n\n\n<p>Aix\u00ed mateix, l&#8217;usuari s&#8217;abstindr\u00e0 de fer servir els continguts i, en particular, la informaci\u00f3 de qualsevol classe obtinguda a trav\u00e9s del web per remetre publicitat, comunicacions amb fins de venda directa o amb qualsevol altra classe de finalitat comercial, missatges no sol\u00b7licitats adre\u00e7ats a una pluralitat de persones amb independ\u00e8ncia de la seva finalitat. Tamb\u00e9 s&#8217;abstindr\u00e0 de comercialitzar o divulgar de qualsevol manera aquesta informaci\u00f3.<br><\/p>\n\n\n\n<p>www.cityworkbcn.com \u00e9s un domini de BCN COWOLABS, S.L No es pot utilitzar, llevat d&#8217;autoritzaci\u00f3 expressa pr\u00e8via, en connexi\u00f3 amb altres productes o serveis que no siguin de City Work Bcn de cap manera que pugui causar confusi\u00f3 entre els nostres clients o descr\u00e8dit de City Work Bcn.<\/p>\n\n\n\n<h4 class=\"wp-block-heading\">Pol\u00edtica per enlla\u00e7ar a aquesta web<\/h4>\n\n\n\n<p>Si qualsevol usuari, entitat o p\u00e0gina web volgu\u00e9s establir algun tipus denlla\u00e7 amb destinaci\u00f3 a aquesta web haur\u00e0 de sol\u00b7licitar autoritzaci\u00f3 pr\u00e8via a la realitzaci\u00f3 de lenlla\u00e7 i per escrit.<br><\/p>\n\n\n\n<p>A m\u00e9s, nom\u00e9s es permet enlla\u00e7ar a la p\u00e0gina dinici de la web. L&#8217;enlla\u00e7 ha de ser absolut i complet, \u00e9s a dir, ha de portar l&#8217;usuari a la pr\u00f2pia adre\u00e7a de BCN COWOLABS, S.L abastant completament l&#8217;extensi\u00f3 de la pantalla de la p\u00e0gina que cont\u00e9 l&#8217;enlla\u00e7. En cap cas, excepte autoritzaci\u00f3 expressa i per escrit de BCN COWOLABS, S.L, la p\u00e0gina que realitzi l&#8217;enlla\u00e7 podr\u00e0 reproduir de qualsevol manera el web de BCN COWOLABS, S.L, incloure-la com a part del web o dins d&#8217;un dels seus marcs sobre qualsevol de les p\u00e0gines o continguts de la present web.<\/p>\n\n\n\n<p>No s&#8217;inclour\u00e0 cap manifestaci\u00f3 falsa, inexacta o incorrecta sobre les p\u00e0gines d&#8217;aquesta web o els serveis que s&#8217;hi ofereixen.<\/p>\n\n\n\n<p>L&#8217;enlla\u00e7 no contindr\u00e0 cap marca, nom comercial, r\u00e8tol d&#8217;establiment, denominaci\u00f3, logotip, esl\u00f2gan o altres signes distintius que pertanyen a BCN COWOLABS, S.L.<br><\/p>\n\n\n\n<p>En cap circumst\u00e0ncia, BCN COWOLABS, S.L ser\u00e0 responsable dels continguts o serveis posats a disposici\u00f3 del p\u00fablic a la p\u00e0gina web des de la qual es realitzi l&#8217;hiperenlla\u00e7 ni de les informacions o manifestacions incloses en aquestes.<\/p>\n\n\n\n<h4 class=\"wp-block-heading\">Protecci\u00f3 de dades personals<\/h4>\n\n\n\n<p>La utilitzaci\u00f3 d&#8217;aquest web i dels formularis requereix l&#8217;acceptaci\u00f3 del tractament de les dades de l&#8217;usuari sota la responsabilitat de BCN COWOLABS, S.Ln, per a finalitats que inclouen la provisi\u00f3 de la web, la recopilaci\u00f3 de dades d&#8217;acc\u00e9s i l&#8217;enviament d&#8217;informaci\u00f3 comercial per via electr\u00f2nica, en determinats casos.<br><\/p>\n\n\n\n<p>Llegiu detingudament la\u00a0<a href=\"https:\/\/cityworkbcn.com\/ca\/politica-de-privacitat\/\" data-type=\"page\" data-id=\"7997\">pol\u00edtica de privadesa<\/a>\u00a0per a informaci\u00f3 addicional i detallada, incloent com utilitzem les dades dels usuaris i com exercir els drets d&#8217;acc\u00e9s, rectificaci\u00f3, supressi\u00f3, oposici\u00f3, i altres drets de protecci\u00f3 de dades.<\/p>\n\n\n\n<h4 class=\"wp-block-heading\">Cookies<\/h4>\n\n\n\n<p>Aquest web utilitza cookies pr\u00f2pies i de tercers per a diverses finalitats incloent-hi anal\u00edtiques i publicitat adaptada als interessos de l&#8217;usuari. El simple \u00fas d&#8217;aquest web amb les cookies activades al navegador implica l&#8217;acceptaci\u00f3 del tractament d&#8217;acord amb la nostra pol\u00edtica de cookies.<\/p>\n\n\n\n<p>Llegiu detingudament la nostra <a href=\"https:\/\/cityworkbcn.com\/ca\/politica-de-cookies\/\" data-type=\"page\" data-id=\"7995\">pol\u00edtica de cookies<\/a> per con\u00e8ixer els tipus de cookies emprats, i com bloquejar-les i esborrar-les al vostre navegador.<\/p>\n\n\n\n<h4 class=\"wp-block-heading\">Prevalen\u00e7a de la versi\u00f3 espanyola<\/h4>\n\n\n\n<p>En cas que es tradueixi aquest av\u00eds legal a altres idiomes, quan hi hagi discrep\u00e0ncia, la versi\u00f3 espanyola prevaldr\u00e0.<\/p>\n\n\n\n<h4 class=\"wp-block-heading\">Legislaci\u00f3 i Jurisdicci\u00f3 aplicable<\/h4>\n\n\n\n<p>Legislaci\u00f3 i Jurisdicci\u00f3 Aquest Av\u00eds Legal, aix\u00ed com les relacions entre BCN COWOLABS, S.L i els usuaris, es regiran per la normativa espanyola vigent i qualsevol controv\u00e8rsia se sotmetr\u00e0 als Jutjats i Tribunals de BARCELONA, excepte en el cas de consumidors i usuaris que s&#8217;aplicar\u00e0 el fur imperatiu dels jutjats.<\/p>\n\n\n\n<p>\u00a9 2025 BCN COWOLABS, S.L.<\/p>\n\n\n\n<p><\/p>\n","protected":false},"excerpt":{"rendered":"<p>Titular de la web i dades de contacte cityworkbcn.com \u00e9s un domini a Internet titularitat de BCN COWOLABS, S.L i domicili a Travessera de Gr\u00e0cia 73, 3r 2a, 08006, Barcelona. BCN COWOLABS, S.L el formen un conjunt d&#8217;empreses que tenen com a objecte social principal oferir serveis de coworking a emprenedors. La web t\u00e9 la [&hellip;]<\/p>\n","protected":false},"author":1,"featured_media":0,"parent":0,"menu_order":0,"comment_status":"closed","ping_status":"closed","template":"","meta":{"footnotes":""},"class_list":["post-7991","page","type-page","status-publish","hentry"],"_links":{"self":[{"href":"https:\/\/cityworkbcn.com\/ca\/wp-json\/wp\/v2\/pages\/7991","targetHints":{"allow":["GET"]}}],"collection":[{"href":"https:\/\/cityworkbcn.com\/ca\/wp-json\/wp\/v2\/pages"}],"about":[{"href":"https:\/\/cityworkbcn.com\/ca\/wp-json\/wp\/v2\/types\/page"}],"author":[{"embeddable":true,"href":"https:\/\/cityworkbcn.com\/ca\/wp-json\/wp\/v2\/users\/1"}],"replies":[{"embeddable":true,"href":"https:\/\/cityworkbcn.com\/ca\/wp-json\/wp\/v2\/comments?post=7991"}],"version-history":[{"count":2,"href":"https:\/\/cityworkbcn.com\/ca\/wp-json\/wp\/v2\/pages\/7991\/revisions"}],"predecessor-version":[{"id":8882,"href":"https:\/\/cityworkbcn.com\/ca\/wp-json\/wp\/v2\/pages\/7991\/revisions\/8882"}],"wp:attachment":[{"href":"https:\/\/cityworkbcn.com\/ca\/wp-json\/wp\/v2\/media?parent=7991"}],"curies":[{"name":"wp","href":"https:\/\/api.w.org\/{rel}","templated":true}]}}