{"id":7995,"date":"2025-04-04T17:05:00","date_gmt":"2025-04-04T17:05:00","guid":{"rendered":"https:\/\/cityworkbcn.com\/?page_id=7995"},"modified":"2025-04-11T17:26:58","modified_gmt":"2025-04-11T17:26:58","slug":"politica-de-cookies","status":"publish","type":"page","link":"https:\/\/cityworkbcn.com\/ca\/politica-de-cookies\/","title":{"rendered":"Pol\u00edtica De Cookies"},"content":{"rendered":"\n<p>Aquest lloc web utilitza cookies i tecnologies similars per proporcionar el servei, aix\u00ed com permetre&#8217;ns millorar-lo, a trav\u00e9s de l&#8217;obtenci\u00f3 d&#8217;estad\u00edstiques sobre el seu \u00fas i altres finalitats.<\/p>\n\n\n\n<p>Navegar per aquesta web implica necess\u00e0riament la utilitzaci\u00f3 de cookies i tecnologies similars sempre que sigui necessari per al seu funcionament. Aix\u00ed mateix, per a certes finalitats, les cookies i l&#8217;emmagatzematge local estaran subjectes al seu consentiment previ.<\/p>\n\n\n\n<p>Aquesta pol\u00edtica forma part de la nostra pol\u00edtica de privadesa i inclou el seg\u00fcent:<\/p>\n\n\n\n<ul class=\"wp-block-list\">\n<li>Qu\u00e8 s\u00f3n les galetes?<\/li>\n\n\n\n<li>Per qu\u00e8 es fan servir les galetes?<\/li>\n\n\n\n<li>Qu\u00e8 entenem per tecnologies similars a les galetes?<\/li>\n\n\n\n<li>Qu\u00e8 s\u00f3n les galetes de tercers? Qui s\u00f3n els destinataris de la informaci\u00f3?<\/li>\n\n\n\n<li>Quines funcions i caracter\u00edstiques de tercers utilitzem al nostre lloc web?<\/li>\n\n\n\n<li>Durant quant de temps es mantenen actives les cookies o tecnologies similars?<\/li>\n\n\n\n<li>\u00das de navegadors amb mode de navegaci\u00f3 privada<\/li>\n\n\n\n<li>Com impedir l&#8217;\u00fas de galetes i com esborrar-les?<\/li>\n\n\n\n<li>Informaci\u00f3 detallada sobre les cookies utilitzades per aquest lloc web<\/li>\n<\/ul>\n\n\n\n<h4 class=\"wp-block-heading\">Qu\u00e8 s\u00f3n les galetes?<\/h4>\n\n\n\n<p>Les \u201ccookies\u201d s\u00f3n petits fitxers temporals que es creen al dispositiu de l&#8217;usuari (ordinador, tel\u00e8fon, tauleta, etc.) quan visita una web, i que permeten a la mateixa emmagatzemar o recuperar informaci\u00f3 quan navega, per exemple, per guardar les seves prefer\u00e8ncies d&#8217;\u00fas o per recon\u00e8ixer-ho en visites posteriors, aix\u00ed com obtenir informaci\u00f3 sobre els seus h\u00e0bits de navegaci\u00f3.<\/p>\n\n\n\n<p>Quan una web crea una galeta al dispositiu de l&#8217;usuari, s&#8217;emmagatzema l&#8217;adre\u00e7a\/domini del web que ha creat la galeta, la durada de la galeta que pot anar de pocs minuts a diversos anys, aix\u00ed com el contingut de la galeta. L&#8217;usuari pot deshabilitar les cookies en tot moment mitjan\u00e7ant el sistema de configuraci\u00f3 d&#8217;aquest lloc web, aix\u00ed com configurar el programa de navegaci\u00f3 per impedir (bloquejar) l&#8217;\u00fas de cookies per part de determinades webs, aix\u00ed com esborrar les cookies emmagatzemades pr\u00e8viament.<\/p>\n\n\n\n<h4 class=\"wp-block-heading\">Per qu\u00e8 es fan servir les galetes?<\/h4>\n\n\n\n<p>Els usos o finalitats m\u00e9s habituals s\u00f3n:<\/p>\n\n\n\n<ul class=\"wp-block-list\">\n<li>Galetes t\u00e8cniques essencials. S&#8217;utilitzen per gestionar el flux de navegaci\u00f3 dins de la web o per mantenir l&#8217;usuari connectat a aquesta. En deshabilitar-les, \u00e9s possible que algun apartat de la web no funcioni correctament.<\/li>\n\n\n\n<li>Galetes de personalitzaci\u00f3. Necess\u00e0ries per recordar determinades prefer\u00e8ncies de lusuari.<\/li>\n\n\n\n<li>Galetes anal\u00edtiques. Ens ajuden a nosaltres ia tercers a recopilar informaci\u00f3 de la proced\u00e8ncia dels usuaris i la seva navegaci\u00f3 dins del web, a l&#8217;efecte de fer una an\u00e0lisi estad\u00edstica per poder millorar l&#8217;estructura i els continguts.<\/li>\n\n\n\n<li>Galetes publicit\u00e0ries. Utilitzades per gestionar els anuncis que apareixen a la web, decidir el contingut o la freq\u00fc\u00e8ncia dels anuncis.<\/li>\n\n\n\n<li>Galetes publicit\u00e0ries comportamentals. Ajuden a recopilar els h\u00e0bits de navegaci\u00f3 de l&#8217;usuari per crear un perfil dels vostres interessos i per mostrar-vos anuncis adaptats.<\/li>\n\n\n\n<li>Galetes per a compartici\u00f3 social. S\u00f3n necess\u00e0ries per identificar l&#8217;usuari a les seves xarxes socials i aix\u00ed permetre compartir continguts.<\/li>\n<\/ul>\n\n\n\n<h4 class=\"wp-block-heading\">Qu\u00e8 entenem per tecnologies similars a les galetes?<\/h4>\n\n\n\n<p>S&#8217;ent\u00e9n per tecnologies similars qualsevol tipus de mecanisme d&#8217;emmagatzematge i recuperaci\u00f3 de dades que s&#8217;utilitzi al dispositiu de l&#8217;usuari per obtenir informaci\u00f3. Les m\u00e9s habituals inclouen:<\/p>\n\n\n\n<ul class=\"wp-block-list\">\n<li>Lemmagatzematge local del navegador. Alguns webs utilitzen emmagatzematges locals anomenats \u201csessionStorage\u201d i \u201clocalStorage\u201d, aix\u00ed com la base de dades indexada del navegador, per guardar informaci\u00f3;<\/li>\n\n\n\n<li>L&#8217;emmagatzematge local dels connectors del navegador, com ara l&#8217;emmagatzematge local de Flash (Flash Local Shared Objects) o l&#8217;emmagatzematge local de Silverlight (Isolated Objects).<\/li>\n\n\n\n<li>El web beacon \u00e9s una t\u00e8cnica de rastreig que consisteix a inserir en una p\u00e0gina web (o en un correu electr\u00f2nic) una imatge allotjada en un servidor d&#8217;Internet de manera que, quan el navegador o programa de correu es connecta a aquest servidor per descarregar i visualitzar la imatge, la connexi\u00f3 queda registrada. Aix\u00f2 permet con\u00e8ixer que lusuari ha visualitzat la p\u00e0gina web o el correu. De vegades aquesta imatge \u00e9s molt petita o transparent de manera que l&#8217;usuari no s&#8217;adona de la seva exist\u00e8ncia.<\/li>\n\n\n\n<li>Les t\u00e8cniques de fingerprinting que combinen informaci\u00f3 obtinguda del navegador o de l&#8217;equip de navegaci\u00f3 per distingir un usuari en les seves visites successives diferents llocs web.<\/li>\n<\/ul>\n\n\n\n<h4 class=\"wp-block-heading\">Qu\u00e8 s\u00f3n les galetes de tercers? Qui s\u00f3n els destinataris de la informaci\u00f3?<\/h4>\n\n\n\n<p>Les cookies d&#8217;aquesta web es poden classificar, en funci\u00f3 de qui les cre\u00ef, en dues categories:<\/p>\n\n\n\n<ul class=\"wp-block-list\">\n<li>Cookies pr\u00f2pies: es creen i manegen des dels nostres llocs i dominis web, sent la informaci\u00f3 obtinguda gestionada directament o indirectament per nosaltres per a les nostres pr\u00f2pies finalitats.<\/li>\n\n\n\n<li>Galetes de tercers: s\u00f3n les galetes que es creen i es manegen des d&#8217;altres llocs web que, encara que no estan completament sota el nostre control, proporcionen funcions i caracter\u00edstiques que hem decidit incloure a la nostra web, com, per exemple: mapes interactius, v\u00eddeos i elements multim\u00e8dia, botons per compartir en xarxes socials, anuncis, etc. Aquestes galetes estan sota el control del tercer que proporciona la funci\u00f3 corresponent.<\/li>\n<\/ul>\n\n\n\n<p>La gran majoria de les funcions de tercers impliquen l&#8217;acc\u00e9s o la recopilaci\u00f3 d&#8217;informaci\u00f3 (i l&#8217;\u00fas de cookies) per part del tercer que proporciona la funci\u00f3, en base als seus propis criteris i finalitats, incloent-hi la recopilaci\u00f3 sobre els h\u00e0bits de navegaci\u00f3 per mostrar publicitat personalitzada. A l&#8217;apartat seg\u00fcent s&#8217;indiquen les funcions i caracter\u00edstiques de tercers utilitzades en aquesta p\u00e0gina web.<\/p>\n\n\n\n<h4 class=\"wp-block-heading\">Durant quant de temps es mantenen actives les cookies o tecnologies similars?<\/h4>\n\n\n\n<p>En funci\u00f3 de la perman\u00e8ncia o el temps d&#8217;activitat, podem diferenciar entre:<\/p>\n\n\n\n<ul class=\"wp-block-list\">\n<li>Galetes temporals de sessi\u00f3; romanen emmagatzemades a l&#8217;equip de navegaci\u00f3 fins que l&#8217;usuari abandona la p\u00e0gina web; el navegador les esborra en acabar la sessi\u00f3 de navegaci\u00f3.<\/li>\n\n\n\n<li>Galetes persistents; romanen a l&#8217;equip de navegaci\u00f3 i la web les llegeix cada cop que l&#8217;usuari fa una nova visita. Aquestes galetes s&#8217;esborren autom\u00e0ticament passat un cert termini de temps, que pot ser curt o molt llarg.<\/li>\n<\/ul>\n\n\n\n<p>Aquesta pol\u00edtica inclou informaci\u00f3 sobre la durada de les galetes; per a m\u00e9s informaci\u00f3, consulteu la nostra pol\u00edtica de privadesa, aix\u00ed com la informaci\u00f3 proporcionada en les pol\u00edtiques de privadesa dels tercers prove\u00efdors de funcions web.<\/p>\n\n\n\n<h4 class=\"wp-block-heading\">\u00das de navegadors amb mode de navegaci\u00f3 privada<\/h4>\n\n\n\n<p>Si voleu utilitzar aquest web amb m\u00e9s grau de privadesa i limitant que les cookies quedin emmagatzemades per terminis llargs de temps, recomanem que utilitzeu un navegador web que disposi d&#8217;una opci\u00f3 de navegaci\u00f3 \u201cprivada\u201d. Podeu obtenir informaci\u00f3 sobre aquesta possibilitat a les p\u00e0gines d&#8217;ajuda dels navegadors m\u00e9s comuns:<\/p>\n\n\n\n<figure class=\"wp-block-table\"><table class=\"has-fixed-layout\"><tbody><tr><td>Navegador<\/td><td>Nom de la funci\u00f3 de navegaci\u00f3 privada<\/td><td>Obtenir m\u00e9s informaci\u00f3<\/td><\/tr><tr><td>Internet Explorer 8 y superior Microsoft Edge<\/td><td>InPrivate<\/td><td>Explorer:&nbsp;<a href=\"https:\/\/support.microsoft.com\/es-es\/products\/internet-explorer\" target=\"_blank\" rel=\"noreferrer noopener\">Microsoft Internet Explorer Soporte<\/a>, Edge:&nbsp;<a href=\"https:\/\/support.microsoft.com\/es-es\/microsoft-edge\/explorar-con-inprivate-en-microsoft-edge-cd2c9a48-0bc4-b98e-5e46-ac40c84e27e2\" target=\"_blank\" rel=\"noreferrer noopener\">Microsoft Edge Soporte<\/a><\/td><\/tr><tr><td>Safari 2 i superior<\/td><td>Navegaci\u00f3 privada<\/td><td><a href=\"https:\/\/support.apple.com\/es-es\/HT203036\" target=\"_blank\" rel=\"noreferrer noopener\">Apple Safari Soporte<\/a><\/td><\/tr><tr><td>Opera 10.5 i superior<\/td><td>Navegaci\u00f3 privada<\/td><td><a href=\"https:\/\/help.opera.com\/Windows\/12.00\/es-ES\/private.html\" target=\"_blank\" rel=\"noreferrer noopener\">Opera Soporte<\/a><\/td><\/tr><tr><td>FireFox 3.5 i superior<\/td><td>Navegaci\u00f3 privada<\/td><td><a href=\"https:\/\/support.mozilla.org\/es\/kb\/navegacion-privada-Firefox-no-guardar-historial-navegacion\" target=\"_blank\" rel=\"noreferrer noopener\">Mozilla FireFox Soporte<\/a><\/td><\/tr><tr><td>Google Chrome 10 i superior<\/td><td>Mode inc\u00f2gnit<\/td><td><a href=\"https:\/\/support.google.com\/chrome\/answer\/7005900?rd=1\" target=\"_blank\" rel=\"noreferrer noopener\">Google Chrome Soporte<\/a><\/td><\/tr><\/tbody><\/table><\/figure>\n\n\n\n<h4 class=\"wp-block-heading\">Com impedir l&#8217;\u00fas de galetes i com esborrar-les?<\/h4>\n\n\n\n<p>Podeu configurar les vostres prefer\u00e8ncies en qualsevol moment mitjan\u00e7ant el sistema de configuraci\u00f3 de cookies integrat en aquest lloc web, podreu activar \/ desactivar l&#8217;\u00fas de cookies segons les seves finalitats.<\/p>\n\n\n\n<p>Podeu accedir al sistema de configuraci\u00f3 mitjan\u00e7ant l&#8217;enlla\u00e7 al peu de la p\u00e0gina inicial.<\/p>\n\n\n\n<p>La majoria de navegadors permeten desactivar globalment les galetes. Molts navegadors tamb\u00e9 permeten esborrar les cookies associades a webs\/dominis concrets. Per fer-ho, l&#8217;usuari ha de consultar l&#8217;ajuda del navegador. A continuaci\u00f3, s&#8217;inclouen enlla\u00e7os a les p\u00e0gines d&#8217;ajuda dels navegadors m\u00e9s habituals per con\u00e8ixer la configuraci\u00f3 de cookies a cadascun:<\/p>\n\n\n\n<ul class=\"wp-block-list\">\n<li>Chrome:&nbsp;<a href=\"https:\/\/support.google.com\/chrome\/answer\/95647?hl=es\" target=\"_blank\" rel=\"noreferrer noopener\">https:\/\/support.google.com\/chrome\/answer\/95647?hl=es<\/a><\/li>\n\n\n\n<li>Explorer:&nbsp;<a href=\"https:\/\/support.microsoft.com\/es-es\/help\/17442\/windows-internet-explorer-delete-manage-cookies\" target=\"_blank\" rel=\"noreferrer noopener\">https:\/\/support.microsoft.com\/es-es\/help\/17442\/windows-internet-explorer-delete-manage-cookies<\/a><\/li>\n\n\n\n<li>Microsoft Edge:&nbsp;<a href=\"https:\/\/privacy.microsoft.com\/es-ES\/windows-10-microsoft-edge-and-privacy\" target=\"_blank\" rel=\"noreferrer noopener\">https:\/\/privacy.microsoft.com\/es-ES\/windows-10-microsoft-edge-and-privacy<\/a><\/li>\n\n\n\n<li>Firefox:&nbsp;<a href=\"https:\/\/support.mozilla.org\/es\/kb\/habilitar-y-deshabilitar-cookies-sitios-web-rastrear-preferencias\" target=\"_blank\" rel=\"noreferrer noopener\">https:\/\/support.mozilla.org\/es\/kb\/habilitar-y-deshabilitar-cookies-sitios-web-rastrear-preferencias<\/a><\/li>\n\n\n\n<li>Safari:&nbsp;<a href=\"https:\/\/support.apple.com\/kb\/PH17191?viewlocale=es_ES&amp;locale=es_ES\" target=\"_blank\" rel=\"noreferrer noopener\">https:\/\/support.apple.com\/kb\/PH17191?viewlocale=es_ES&amp;locale=es_ES<\/a><\/li>\n\n\n\n<li>Safari for IOS:&nbsp;<a href=\"https:\/\/support.apple.com\/es-es\/HT201265\" target=\"_blank\" rel=\"noreferrer noopener\">https:\/\/support.apple.com\/es-es\/HT201265<\/a><\/li>\n\n\n\n<li>Opera:&nbsp;<a href=\"https:\/\/www.opera.com\/es\/help\" target=\"_blank\" rel=\"noreferrer noopener\">https:\/\/www.opera.com\/es\/help<\/a><\/li>\n<\/ul>\n\n\n\n<p>Per esborrar les dades desades a l&#8217;emmagatzematge local del navegador, l&#8217;usuari pot esborrar l&#8217;historial de navegaci\u00f3.<\/p>\n\n\n\n<p>Per a altres navegadors, aix\u00ed com per a qualsevol aclariment o pregunta sobre les cookies d&#8217;aquesta web, podeu contactar-nos per correu electr\u00f2nic, escrivint a <a href=\"mailto:info@onecowork.com\">info@onecowork.com<\/a><\/p>\n\n\n\n<p>Av\u00eds important: en cas de bloquejar les cookies \u00e9s possible que determinats serveis o funcionalitats de la web no funcionin correctament.<\/p>\n\n\n\n<h4 class=\"wp-block-heading\">Informaci\u00f3 detallada sobre les cookies utilitzades per aquest lloc web<\/h4>\n\n\n\n<p>Informaci\u00f3 sobre les cookies pr\u00f2pies:<\/p>\n\n\n\n<figure class=\"wp-block-table\"><table class=\"has-fixed-layout\"><tbody><tr><td>Funci\u00f3 o caracter\u00edstica (i qui la proporciona)<\/td><td>Cookies i tecnologia emprada<\/td><td>Domini web<\/td><td>Durada de la informaci\u00f3 emmagatzemada<\/td><td>Tipus de finalitat<\/td><\/tr><tr><td>Google Analytics (Google, Inc.)<\/td><td>Cookies temporales y persistentes (__utma, __utmb, __utmc, __utmz, __utmv, _ ga) Almacenamiento local del navegador<\/td><td>https:\/\/analytics.google.com<\/td><td>26 Mesos<\/td><td>Anal\u00edtiques<\/td><\/tr><tr><td>Funcions de Google (Google Maps, YouTube, +1, Google Remarketing, Google Translate, etc) (Google, Inc.)<\/td><td>Cookies temporales y persistentes (VISITOR_INFO1_LIVE, PREF, YSC, etc). Almacenamiento local del navegador<\/td><td>googleusercontent.com, google.es, google.com, doubleclick.net, invitemedia.com, admeld.com, googlesyndication.com, googleadservices.com, youtube.com, youtube.es, ytimg.com, etc<\/td><td>26 Mesos<\/td><td>Rastreig, Publicitat comportamental, Localitzaci\u00f3, Compartici\u00f3 en xarxes socials<\/td><\/tr><tr><td>Funcions de compartici\u00f3 social a Facebook: bot\u00f3n Me Gusta, etc. (Facebook, Inc.)<\/td><td>Cookies temporales y persistentes (datr, reg_fb_gate, reg_fb_ref and reg_fb_ext, wd, c_user, lu, sct, xs, x-referer, presence, p, locale, lsd, _e_*, fr, sub, etc). Almacenamiento local del navegador.<\/td><td>facebook.com<\/td><td>6 Mesos<\/td><td>Rastreig, Publicitat comportamental, Localitzaci\u00f3, Compartici\u00f3 en xarxes socials<\/td><\/tr><tr><td>Funcions de compartici\u00f3 social a Twitter (Twitter, Inc.)s)<\/td><td>Cookies temporales y persistentes. Almacenamiento local del navegador<\/td><td>*.twitter.com syndication.twitter.com *.twimg.com cdn.syndication.twimg.com<\/td><td>2 Anys<\/td><td>Rastreig, Publicitat comportamental, Localitzaci\u00f3, Compartici\u00f3 en xarxes socials<\/td><\/tr><tr><td>Funcions de compartici\u00f3 social a Pinterest (Pinterest, Inc)<\/td><td>Cookies temporales y persistentes. Almacenamiento local del navegador.<\/td><td>pinterest.com<\/td><td>2 Anys<\/td><td>Rastreig, Publicitat comportamental, Localitzaci\u00f3, Compartici\u00f3 en xarxes socials<\/td><\/tr><tr><td>Funcions de compartici\u00f3 social a Instagram (Instagram, LLC)<\/td><td>Cookies temporales y persistentes. Almacenamiento local del navegador.<\/td><td>instagram.com, cdninstagram.com, scontent.cdninstagram.com, etc.<\/td><td>2 Anys (fins a 10)<\/td><td>Rastreig, Publicitat comportamental, Localitzaci\u00f3, Compartici\u00f3 en xarxes socials<\/td><\/tr><tr><td>Funcions de compartici\u00f3 social a LinkedIn (LinkedIn Ireland \/ LinkedIn Corporation)<\/td><td>Cookies temporales y persistentes. Almacenamiento local del navegador.<\/td><td>linkedin.com, etc.<\/td><td>1 Any<\/td><td>Rastreig, Publicitat comportamental, Localitzaci\u00f3, Compartici\u00f3 en xarxes socials<\/td><\/tr><tr><td>Vimeo (plataforma de v\u00eddeos) (Vimeo, LLC)<\/td><td>Cookies temporales y persistentes. Almacenamiento local del navegador. Almacenamiento local de Flash.<\/td><td>vimeo.com, f.vimeocdn.com, f.vimeocdn.com, player.vimeo.com, www.google.com, abmr.net, bizographics.com, casalemedia.com, mathtag.com, pubmatic.com, *.scorecardresearch.com, *.yahoo.com, *.optimizely.com, exelator.com, openx.net, *.rubiconproject.com, zdbb.net, ad.360yield.com<\/td><td>2 Anys<\/td><td>Rastreig, Publicitat comportamental, Localitzaci\u00f3, Compartici\u00f3 en xarxes socials<\/td><\/tr><tr><td>Drift, live chat<\/td><td>Cookies temporales y persistentes, Almacenamiento local del navegador.<\/td><td>drift.com<\/td><td>2 Anys<\/td><td>Anal\u00edtiques Cookies t\u00e8cniques<\/td><\/tr><tr><td>Hubspot, creaci\u00f3n de contactos<\/td><td>Cookies temporales y persistentes, Almacenamiento local del navegador.<\/td><td>hubspot.com<\/td><td>6 Mesos<\/td><td>Anal\u00edtiques Cookies t\u00e8cniques<\/td><\/tr><tr><td>Nexudus, reservar salas, user login<\/td><td>Cookies temporales y persistentes, Almacenamiento local del navegador<\/td><td>nexudus.com<\/td><td>2 Anys<\/td><td>Autenticaci\u00f3, Rastreig, Anal\u00edtiques, Prefer\u00e8ncies, Cookies t\u00e8cniques<\/td><\/tr><tr><td>Xarxa de lliurament de continguts (Cloudflare)<\/td><td>Cookies temporales y persistentes<\/td><td>https:\/\/www.cloudflare.com\/en-gb\/<\/td><td>Fins a 24 hores<\/td><td>Cookies t\u00e8cniques, Seguretat, Anal\u00edtiques<\/td><\/tr><\/tbody><\/table><\/figure>\n\n\n\n<p>NOTA: La informaci\u00f3 oferta \u00e9s en data 12-03-2025 i us informem que amb el pas del temps pot no resultar exhaustiva, tot i que peri\u00f2dicament aquesta pol\u00edtica de cookies \u00e9s revisada.<\/p>\n","protected":false},"excerpt":{"rendered":"<p>Aquest lloc web utilitza cookies i tecnologies similars per proporcionar el servei, aix\u00ed com permetre&#8217;ns millorar-lo, a trav\u00e9s de l&#8217;obtenci\u00f3 d&#8217;estad\u00edstiques sobre el seu \u00fas i altres finalitats. Navegar per aquesta web implica necess\u00e0riament la utilitzaci\u00f3 de cookies i tecnologies similars sempre que sigui necessari per al seu funcionament. Aix\u00ed mateix, per a certes finalitats, [&hellip;]<\/p>\n","protected":false},"author":1,"featured_media":0,"parent":0,"menu_order":0,"comment_status":"closed","ping_status":"closed","template":"","meta":{"footnotes":""},"class_list":["post-7995","page","type-page","status-publish","hentry"],"_links":{"self":[{"href":"https:\/\/cityworkbcn.com\/ca\/wp-json\/wp\/v2\/pages\/7995","targetHints":{"allow":["GET"]}}],"collection":[{"href":"https:\/\/cityworkbcn.com\/ca\/wp-json\/wp\/v2\/pages"}],"about":[{"href":"https:\/\/cityworkbcn.com\/ca\/wp-json\/wp\/v2\/types\/page"}],"author":[{"embeddable":true,"href":"https:\/\/cityworkbcn.com\/ca\/wp-json\/wp\/v2\/users\/1"}],"replies":[{"embeddable":true,"href":"https:\/\/cityworkbcn.com\/ca\/wp-json\/wp\/v2\/comments?post=7995"}],"version-history":[{"count":2,"href":"https:\/\/cityworkbcn.com\/ca\/wp-json\/wp\/v2\/pages\/7995\/revisions"}],"predecessor-version":[{"id":8880,"href":"https:\/\/cityworkbcn.com\/ca\/wp-json\/wp\/v2\/pages\/7995\/revisions\/8880"}],"wp:attachment":[{"href":"https:\/\/cityworkbcn.com\/ca\/wp-json\/wp\/v2\/media?parent=7995"}],"curies":[{"name":"wp","href":"https:\/\/api.w.org\/{rel}","templated":true}]}}